{"id":52,"date":"2017-03-18T13:24:28","date_gmt":"2017-03-18T12:24:28","guid":{"rendered":"http:\/\/jbo-thum.de\/thumer-orchestertreff\/?page_id=52"},"modified":"2024-04-24T10:56:36","modified_gmt":"2024-04-24T08:56:36","slug":"tickets-fuer-den-thumer-dreiklang","status":"publish","type":"page","link":"https:\/\/jbo-thum.de\/thumer-orchestertreff\/tickets-fuer-den-thumer-dreiklang\/","title":{"rendered":"Tickets f\u00fcr den Thumer \u201eDreiklang\u201c"},"content":{"rendered":"\n\n\n<div class=\"wp-block-buttons is-content-justification-center is-layout-flex wp-container-core-buttons-is-layout-1 wp-block-buttons-is-layout-flex\">\n<div class=\"wp-block-button has-custom-font-size is-style-default has-small-font-size\"><a class=\"wp-block-button__link has-neve-link-color-background-color has-background wp-element-button\" href=\"https:\/\/jbo-thum.de\/thumer-orchestertreff\/thumer-orchestertreff\/festgelaende\/\">Beachten: Zugang f\u00fcr U18 zu den Abendveranstaltungen<\/a><\/div>\n<\/div>\n\n\n\n<ul>\n<li><strong>Eintritt frei<\/strong> f\u00fcr alle unter 16 Jahren, sonst:<\/li>\n\n\n\n<li><strong>Tagesticket Freitag:<\/strong> 7,- Euro<\/li>\n\n\n\n<li><strong>Tagesticket Samstag<\/strong>: 7,- Euro\n<ul id=\"preisesamstagabend\" class=\"ticketsliste\">\n<li class=\"has-small-font-size\">ab 18:00 Uhr &#8211;   8,- Euro<\/li>\n\n\n\n<li class=\"has-small-font-size\">ab 19:00 Uhr &#8211;   9,- Euro<\/li>\n\n\n\n<li class=\"has-small-font-size\">ab 20:00 Uhr &#8211; 10,- Euro<\/li>\n\n\n\n<li style=\"font-size:10px\">* Ma\u00dfgeblich f\u00fcr den jeweiligen Uhrzeit-Preis ist der Zeitpunkt des tats\u00e4chlichen Ticketkaufs am Kassenh\u00e4uschen.<\/li>\n<\/ul>\n<\/li>\n\n\n\n<li><strong>Tagesticket Sonntag<\/strong>: 7,- Euro <\/li>\n\n\n\n<li>Es wird keinen <strong>Kartenvorverkauf <\/strong>geben, die Tickets sind am Einlass zum Festgel\u00e4nde zu erwerben.<\/li>\n\n\n\n<li>Bei Auff\u00fchrungen durch Kindergruppen erh\u00e4lt eine Begleitperson je Kind f\u00fcr die Dauer der Auff\u00fchrung freien Zugang zum Festgel\u00e4nde.<\/li>\n<\/ul>\n\n\n\n<div class=\"wp-block-buttons is-content-justification-center is-layout-flex wp-container-core-buttons-is-layout-2 wp-block-buttons-is-layout-flex\">\n<div class=\"wp-block-button has-custom-font-size is-style-default has-small-font-size\"><a class=\"wp-block-button__link has-neve-link-color-background-color has-background wp-element-button\" href=\"https:\/\/jbo-thum.de\/thumer-orchestertreff\/thumer-orchestertreff\/festgelaende\/\">Einlasshinweise &amp; Veranstaltungsordnung<\/a><\/div>\n<\/div>\n\n\n\n<p><\/p>\n\n\n\n<p>Allen ausrichtenden Akteuren ist daran gelegen, dass m\u00f6glichst vielen Menschen die Teilnahme am Fest m\u00f6glich ist. Deshalb ist f\u00fcr alle Kinder und Jugendlichen unter 16 Jahren der Eintritt frei, f\u00fcr alle anderen kostet das Tagesticket lediglich 7,- Euro. Da dennoch erhebliche Fixkosten f\u00fcr uns als Veranstalter anfallen, wird der Samstagabend ein wenig teurer sein \u2013 zumindest, wenn man erst sp\u00e4ter hinzukommt. Wir freuen uns auf euch und danken allen <a href=\"https:\/\/jbo-thum.de\/unterstuetzen-spenden\/\" target=\"_blank\" rel=\"noreferrer noopener\">Unterst\u00fctzern, Spendern und Sponsoren<\/a>!<\/p>\n","protected":false},"excerpt":{"rendered":"<p>Allen ausrichtenden Akteuren ist daran gelegen, dass m\u00f6glichst vielen Menschen die Teilnahme am Fest m\u00f6glich ist. Deshalb ist f\u00fcr alle Kinder und Jugendlichen unter 16 Jahren der Eintritt frei, f\u00fcr alle anderen kostet das Tagesticket lediglich 7,- Euro. Da dennoch erhebliche Fixkosten f\u00fcr uns als Veranstalter anfallen, wird der Samstagabend ein wenig teurer sein \u2013&hellip;&nbsp;<a href=\"https:\/\/jbo-thum.de\/thumer-orchestertreff\/tickets-fuer-den-thumer-dreiklang\/\" rel=\"bookmark\">Weiterlesen &raquo;<span class=\"screen-reader-text\">Tickets f\u00fcr den Thumer \u201eDreiklang\u201c<\/span><\/a><\/p>\n","protected":false},"author":1,"featured_media":0,"parent":0,"menu_order":0,"comment_status":"closed","ping_status":"closed","template":"","meta":{"rop_custom_images_group":[],"rop_custom_messages_group":[],"rop_publish_now":"initial","rop_publish_now_accounts":[],"rop_publish_now_history":[],"rop_publish_now_status":"pending","neve_meta_sidebar":"","neve_meta_container":"","neve_meta_enable_content_width":"","neve_meta_content_width":0,"neve_meta_title_alignment":"","neve_meta_author_avatar":"","neve_post_elements_order":"","neve_meta_disable_header":"","neve_meta_disable_footer":"","neve_meta_disable_title":"","footnotes":""},"yoast_head":"<!-- This site is optimized with the Yoast SEO plugin v24.5 - https:\/\/yoast.com\/wordpress\/plugins\/seo\/ -->\n<title>Tickets f\u00fcr den Thumer \u201eDreiklang\u201c<\/title>\n<meta name=\"description\" content=\"Alle Infos zu den Eintrittskarten, Ticket-Varianten, Vorverkaufsstellen und Preisen.\" \/>\n<meta name=\"robots\" content=\"index, follow, max-snippet:-1, max-image-preview:large, max-video-preview:-1\" \/>\n<link rel=\"canonical\" href=\"https:\/\/jbo-thum.de\/thumer-orchestertreff\/tickets-fuer-den-thumer-dreiklang\/\" \/>\n<meta property=\"og:locale\" content=\"de_DE\" \/>\n<meta property=\"og:type\" content=\"article\" \/>\n<meta property=\"og:title\" content=\"Tickets f\u00fcr den Thumer \u201eDreiklang\u201c\" \/>\n<meta property=\"og:description\" content=\"Alle Infos zu den Eintrittskarten, Ticket-Varianten, Vorverkaufsstellen und Preisen.\" \/>\n<meta property=\"og:url\" content=\"https:\/\/jbo-thum.de\/thumer-orchestertreff\/tickets-fuer-den-thumer-dreiklang\/\" \/>\n<meta property=\"og:site_name\" content=\"Dreiklang\" \/>\n<meta property=\"article:publisher\" content=\"https:\/\/www.facebook.com\/ThumerOrchestertreff\/\" \/>\n<meta property=\"article:modified_time\" content=\"2024-04-24T08:56:36+00:00\" \/>\n<meta property=\"og:image\" content=\"https:\/\/jbo-thum.de\/thumer-orchestertreff\/wp-content\/uploads\/2023\/04\/Dreiklang-Musik-und-Vereinsfest-Thum.jpg\" \/>\n\t<meta property=\"og:image:width\" content=\"1920\" \/>\n\t<meta property=\"og:image:height\" content=\"1080\" \/>\n\t<meta property=\"og:image:type\" content=\"image\/jpeg\" \/>\n<meta name=\"twitter:card\" content=\"summary_large_image\" \/>\n<meta name=\"twitter:label1\" content=\"Gesch\u00e4tzte Lesezeit\" \/>\n\t<meta name=\"twitter:data1\" content=\"1\u00a0Minute\" \/>\n<script type=\"application\/ld+json\" class=\"yoast-schema-graph\">{\"@context\":\"https:\/\/schema.org\",\"@graph\":[{\"@type\":\"WebPage\",\"@id\":\"https:\/\/jbo-thum.de\/thumer-orchestertreff\/tickets-fuer-den-thumer-dreiklang\/\",\"url\":\"https:\/\/jbo-thum.de\/thumer-orchestertreff\/tickets-fuer-den-thumer-dreiklang\/\",\"name\":\"Tickets f\u00fcr den Thumer \u201eDreiklang\u201c\",\"isPartOf\":{\"@id\":\"https:\/\/jbo-thum.de\/thumer-orchestertreff\/#website\"},\"datePublished\":\"2017-03-18T12:24:28+00:00\",\"dateModified\":\"2024-04-24T08:56:36+00:00\",\"description\":\"Alle Infos zu den Eintrittskarten, Ticket-Varianten, Vorverkaufsstellen und Preisen.\",\"breadcrumb\":{\"@id\":\"https:\/\/jbo-thum.de\/thumer-orchestertreff\/tickets-fuer-den-thumer-dreiklang\/#breadcrumb\"},\"inLanguage\":\"de\",\"potentialAction\":[{\"@type\":\"ReadAction\",\"target\":[\"https:\/\/jbo-thum.de\/thumer-orchestertreff\/tickets-fuer-den-thumer-dreiklang\/\"]}]},{\"@type\":\"BreadcrumbList\",\"@id\":\"https:\/\/jbo-thum.de\/thumer-orchestertreff\/tickets-fuer-den-thumer-dreiklang\/#breadcrumb\",\"itemListElement\":[{\"@type\":\"ListItem\",\"position\":1,\"name\":\"Startseite\",\"item\":\"https:\/\/jbo-thum.de\/thumer-orchestertreff\/\"},{\"@type\":\"ListItem\",\"position\":2,\"name\":\"Tickets f\u00fcr den Thumer \u201eDreiklang\u201c\"}]},{\"@type\":\"WebSite\",\"@id\":\"https:\/\/jbo-thum.de\/thumer-orchestertreff\/#website\",\"url\":\"https:\/\/jbo-thum.de\/thumer-orchestertreff\/\",\"name\":\"Dreiklang\",\"description\":\"11. &amp; 12. Juni 2022\",\"publisher\":{\"@id\":\"https:\/\/jbo-thum.de\/thumer-orchestertreff\/#organization\"},\"potentialAction\":[{\"@type\":\"SearchAction\",\"target\":{\"@type\":\"EntryPoint\",\"urlTemplate\":\"https:\/\/jbo-thum.de\/thumer-orchestertreff\/?s={search_term_string}\"},\"query-input\":{\"@type\":\"PropertyValueSpecification\",\"valueRequired\":true,\"valueName\":\"search_term_string\"}}],\"inLanguage\":\"de\"},{\"@type\":\"Organization\",\"@id\":\"https:\/\/jbo-thum.de\/thumer-orchestertreff\/#organization\",\"name\":\"Thumer Orchestertreff\",\"url\":\"https:\/\/jbo-thum.de\/thumer-orchestertreff\/\",\"logo\":{\"@type\":\"ImageObject\",\"inLanguage\":\"de\",\"@id\":\"https:\/\/jbo-thum.de\/thumer-orchestertreff\/#\/schema\/logo\/image\/\",\"url\":\"https:\/\/jbo-thum.de\/thumer-orchestertreff\/wp-content\/uploads\/2022\/05\/Dreiklang-Thum.png\",\"contentUrl\":\"https:\/\/jbo-thum.de\/thumer-orchestertreff\/wp-content\/uploads\/2022\/05\/Dreiklang-Thum.png\",\"width\":394,\"height\":137,\"caption\":\"Thumer Orchestertreff\"},\"image\":{\"@id\":\"https:\/\/jbo-thum.de\/thumer-orchestertreff\/#\/schema\/logo\/image\/\"},\"sameAs\":[\"https:\/\/www.facebook.com\/ThumerOrchestertreff\/\",\"https:\/\/www.instagram.com\/ThumerOrchestertreff\/\"]}]}<\/script>\n<!-- \/ Yoast SEO plugin. -->","yoast_head_json":{"title":"Tickets f\u00fcr den Thumer \u201eDreiklang\u201c","description":"Alle Infos zu den Eintrittskarten, Ticket-Varianten, Vorverkaufsstellen und Preisen.","robots":{"index":"index","follow":"follow","max-snippet":"max-snippet:-1","max-image-preview":"max-image-preview:large","max-video-preview":"max-video-preview:-1"},"canonical":"https:\/\/jbo-thum.de\/thumer-orchestertreff\/tickets-fuer-den-thumer-dreiklang\/","og_locale":"de_DE","og_type":"article","og_title":"Tickets f\u00fcr den Thumer \u201eDreiklang\u201c","og_description":"Alle Infos zu den Eintrittskarten, Ticket-Varianten, Vorverkaufsstellen und Preisen.","og_url":"https:\/\/jbo-thum.de\/thumer-orchestertreff\/tickets-fuer-den-thumer-dreiklang\/","og_site_name":"Dreiklang","article_publisher":"https:\/\/www.facebook.com\/ThumerOrchestertreff\/","article_modified_time":"2024-04-24T08:56:36+00:00","og_image":[{"width":1920,"height":1080,"url":"https:\/\/jbo-thum.de\/thumer-orchestertreff\/wp-content\/uploads\/2023\/04\/Dreiklang-Musik-und-Vereinsfest-Thum.jpg","type":"image\/jpeg"}],"twitter_card":"summary_large_image","twitter_misc":{"Gesch\u00e4tzte Lesezeit":"1\u00a0Minute"},"schema":{"@context":"https:\/\/schema.org","@graph":[{"@type":"WebPage","@id":"https:\/\/jbo-thum.de\/thumer-orchestertreff\/tickets-fuer-den-thumer-dreiklang\/","url":"https:\/\/jbo-thum.de\/thumer-orchestertreff\/tickets-fuer-den-thumer-dreiklang\/","name":"Tickets f\u00fcr den Thumer \u201eDreiklang\u201c","isPartOf":{"@id":"https:\/\/jbo-thum.de\/thumer-orchestertreff\/#website"},"datePublished":"2017-03-18T12:24:28+00:00","dateModified":"2024-04-24T08:56:36+00:00","description":"Alle Infos zu den Eintrittskarten, Ticket-Varianten, Vorverkaufsstellen und Preisen.","breadcrumb":{"@id":"https:\/\/jbo-thum.de\/thumer-orchestertreff\/tickets-fuer-den-thumer-dreiklang\/#breadcrumb"},"inLanguage":"de","potentialAction":[{"@type":"ReadAction","target":["https:\/\/jbo-thum.de\/thumer-orchestertreff\/tickets-fuer-den-thumer-dreiklang\/"]}]},{"@type":"BreadcrumbList","@id":"https:\/\/jbo-thum.de\/thumer-orchestertreff\/tickets-fuer-den-thumer-dreiklang\/#breadcrumb","itemListElement":[{"@type":"ListItem","position":1,"name":"Startseite","item":"https:\/\/jbo-thum.de\/thumer-orchestertreff\/"},{"@type":"ListItem","position":2,"name":"Tickets f\u00fcr den Thumer \u201eDreiklang\u201c"}]},{"@type":"WebSite","@id":"https:\/\/jbo-thum.de\/thumer-orchestertreff\/#website","url":"https:\/\/jbo-thum.de\/thumer-orchestertreff\/","name":"Dreiklang","description":"11. &amp; 12. Juni 2022","publisher":{"@id":"https:\/\/jbo-thum.de\/thumer-orchestertreff\/#organization"},"potentialAction":[{"@type":"SearchAction","target":{"@type":"EntryPoint","urlTemplate":"https:\/\/jbo-thum.de\/thumer-orchestertreff\/?s={search_term_string}"},"query-input":{"@type":"PropertyValueSpecification","valueRequired":true,"valueName":"search_term_string"}}],"inLanguage":"de"},{"@type":"Organization","@id":"https:\/\/jbo-thum.de\/thumer-orchestertreff\/#organization","name":"Thumer Orchestertreff","url":"https:\/\/jbo-thum.de\/thumer-orchestertreff\/","logo":{"@type":"ImageObject","inLanguage":"de","@id":"https:\/\/jbo-thum.de\/thumer-orchestertreff\/#\/schema\/logo\/image\/","url":"https:\/\/jbo-thum.de\/thumer-orchestertreff\/wp-content\/uploads\/2022\/05\/Dreiklang-Thum.png","contentUrl":"https:\/\/jbo-thum.de\/thumer-orchestertreff\/wp-content\/uploads\/2022\/05\/Dreiklang-Thum.png","width":394,"height":137,"caption":"Thumer Orchestertreff"},"image":{"@id":"https:\/\/jbo-thum.de\/thumer-orchestertreff\/#\/schema\/logo\/image\/"},"sameAs":["https:\/\/www.facebook.com\/ThumerOrchestertreff\/","https:\/\/www.instagram.com\/ThumerOrchestertreff\/"]}]}},"_links":{"self":[{"href":"https:\/\/jbo-thum.de\/thumer-orchestertreff\/wp-json\/wp\/v2\/pages\/52"}],"collection":[{"href":"https:\/\/jbo-thum.de\/thumer-orchestertreff\/wp-json\/wp\/v2\/pages"}],"about":[{"href":"https:\/\/jbo-thum.de\/thumer-orchestertreff\/wp-json\/wp\/v2\/types\/page"}],"author":[{"embeddable":true,"href":"https:\/\/jbo-thum.de\/thumer-orchestertreff\/wp-json\/wp\/v2\/users\/1"}],"replies":[{"embeddable":true,"href":"https:\/\/jbo-thum.de\/thumer-orchestertreff\/wp-json\/wp\/v2\/comments?post=52"}],"version-history":[{"count":48,"href":"https:\/\/jbo-thum.de\/thumer-orchestertreff\/wp-json\/wp\/v2\/pages\/52\/revisions"}],"predecessor-version":[{"id":1949,"href":"https:\/\/jbo-thum.de\/thumer-orchestertreff\/wp-json\/wp\/v2\/pages\/52\/revisions\/1949"}],"wp:attachment":[{"href":"https:\/\/jbo-thum.de\/thumer-orchestertreff\/wp-json\/wp\/v2\/media?parent=52"}],"curies":[{"name":"wp","href":"https:\/\/api.w.org\/{rel}","templated":true}]}}