{"id":1862,"date":"2024-04-04T12:12:15","date_gmt":"2024-04-04T10:12:15","guid":{"rendered":"https:\/\/jbo-thum.de\/thumer-orchestertreff\/?page_id=1862"},"modified":"2025-05-07T12:20:36","modified_gmt":"2025-05-07T10:20:36","slug":"18-offene-thumer-stadtmeisterschaft-fuer-nichtaktive-im-tischtennis-samstag-14-juni-2025","status":"publish","type":"page","link":"https:\/\/jbo-thum.de\/thumer-orchestertreff\/18-offene-thumer-stadtmeisterschaft-fuer-nichtaktive-im-tischtennis-samstag-14-juni-2025\/","title":{"rendered":"\u201e18. Offene Thumer Stadtmeisterschaft f\u00fcr Nichtaktive im Tischtennis&#8220; &#8211; Samstag, 14. Juni 2025"},"content":{"rendered":"\n<figure class=\"wp-block-image size-large is-resized\"><img loading=\"lazy\" decoding=\"async\" width=\"1024\" height=\"424\" src=\"https:\/\/jbo-thum.de\/thumer-orchestertreff\/wp-content\/uploads\/2025\/04\/Nichtaktivenstadtmeisterschaft-Thum-1-1024x424.jpg\" alt=\"\" class=\"wp-image-2038\" style=\"width:1169px;height:auto\" srcset=\"https:\/\/jbo-thum.de\/thumer-orchestertreff\/wp-content\/uploads\/2025\/04\/Nichtaktivenstadtmeisterschaft-Thum-1-1024x424.jpg 1024w, https:\/\/jbo-thum.de\/thumer-orchestertreff\/wp-content\/uploads\/2025\/04\/Nichtaktivenstadtmeisterschaft-Thum-1-300x124.jpg 300w, https:\/\/jbo-thum.de\/thumer-orchestertreff\/wp-content\/uploads\/2025\/04\/Nichtaktivenstadtmeisterschaft-Thum-1-768x318.jpg 768w, https:\/\/jbo-thum.de\/thumer-orchestertreff\/wp-content\/uploads\/2025\/04\/Nichtaktivenstadtmeisterschaft-Thum-1-1536x635.jpg 1536w, https:\/\/jbo-thum.de\/thumer-orchestertreff\/wp-content\/uploads\/2025\/04\/Nichtaktivenstadtmeisterschaft-Thum-1-2048x847.jpg 2048w\" sizes=\"(max-width: 1024px) 100vw, 1024px\" \/><\/figure>\n\n\n\n<p><\/p>\n\n\n\n<p><strong>Tischtennis: Die besten Hobby-Kellenschwinger in Thum bei der Stadtmeisterschaft gesucht!<\/strong><\/p>\n\n\n\n<p><strong>THUM \u2013 <\/strong>W\u00e4hrend die Aktiven im Mai bereits mit voller Power die Tischtennisb\u00e4lle \u00fcber die Platten schmetterten, sind jetzt die Hobbyenthusiasten an der Reihe, ihr K\u00f6nnen unter Beweis zu stellen.<\/p>\n\n\n\n<p>Am Samstag, dem 14. Juni geht es los: Im Rahmen des Thumer Musik- und Vereinsfestes \u201eDreiklang\u201c, geht die 18. Auflage des Nichtaktiventurniers in der Thumer Sporthalle an der Wiesenstra\u00dfe \u00fcber die B\u00fchne. Der Startschuss f\u00e4llt um 10 Uhr. Alle Hobbyspieler jeden Alters sind eingeladen, sich auf den sechs Wettkampfplatten, die sonst dem professionellen Wettkampfsport vorbehalten sind, auszutoben.<\/p>\n\n\n\n<p>In spannenden Wettbewerben treten Kinder und Jugendliche, M\u00e4nner, sowie bei ausreichender Teilnehmerzahl, auch Frauen gegeneinander an. Die einzige Voraussetzung f\u00fcr die Teilnahme: In den letzten zwei Jahren darf man nicht vereinsm\u00e4\u00dfig aktiv Tischtennis gespielt haben. \u201eEs geht vor allem um den Spa\u00df am Spiel und die Freude am Miteinander. Und wir wollen ein Angebot f\u00fcr Hobby-Tischtennisspieler machen\u201c, betont der Thumer Vereinschef Alexander Stopp. Das Einzelturnier wird je nach Teilnehmerzahl in Gruppen oder im Doppel-K.-o.-System ausgetragen, sodass jeder die Chance hat, sich bis zum letzten Ballwechsel durchzusetzen. Alle Teilnehmer sollten neben ihrem eigenen Schl\u00e4ger auch Hallenturnschuhe mitbringen. Eine vorherige Anmeldung ist nicht n\u00f6tig. Am Turniertag sollten sich die Spieler bis sp\u00e4testens 15 Minuten vor Spielbeginn in die Listen eintragen. Die Halle \u00f6ffnet eine Stunde vorher, sodass alle die M\u00f6glichkeit haben, sich an den Platten einzuspielen und ihre Aufschl\u00e4ge zu perfektionieren. Den Siegern und Platzierten winken nicht nur Pokale und Urkunden, sondern auch attraktive Sachpreise! Das Startgeld betr\u00e4gt f\u00fcr Kinder und Jugendliche 2 Euro, w\u00e4hrend Erwachsene mit 5 Euro ins Rennen gehen k\u00f6nnen.<\/p>\n\n\n\n<p>Seid dabei und zeigt, was ihr draufhabt! \u2013 Schwingt die Schl\u00e4ger, lasst die B\u00e4lle fliegen und k\u00e4mpft um den Titel der besten Hobby-Kellenschwinger in Thum! &#x1f3d3;&#x1f525;<\/p>\n\n\n\n<ul>\n<li>Veranstalter: <strong>T<\/strong>isch<strong>T<\/strong>ennis<strong>V<\/strong>erein <strong>Thum e.V.<\/strong><\/li>\n\n\n\n<li>Beginn: <strong>10:00 Uhr<\/strong> (Hallen\u00f6ffnung: 9:00 Uhr)<\/li>\n\n\n\n<li>Ort: <strong>Turnhalle <\/strong>an der Wiesenstra\u00dfe in Thum<\/li>\n\n\n\n<li>Teilnehmer: teilnahmeberechtigt sind alle Hobbysportler, au\u00dfer Aktive der aktuellen Saison 2024\/25<\/li>\n\n\n\n<li>Altersklasseneinteilung: Kinder\/Jugendliche bis 18 Jahre \/ M\u00e4nner \/ Frauen (je nach Teilnehmeranzahl)<\/li>\n\n\n\n<li>Wettbewerbe: Einzelturnier in Gruppen \/ Doppel-K.-o.-System je nach Teilnehmerst\u00e4rke<\/li>\n\n\n\n<li>Startgeld: Erwachsene 5 \u20ac \/ Kinder und Jugendliche 2 \u20ac<\/li>\n\n\n\n<li>Meldung vor Ort <strong>bis 15 Minuten vor Spielbeginn<\/strong>!<\/li>\n<\/ul>\n\n\n\n<p>Die Sieger und die Platzierten werden mit Pokalen, Urkunden und Sachpreisen ausgezeichnet. Die Teilnahme ist nur in sauberen Turnschuhen (helle Sohle) m\u00f6glich! Ein eigener Tischtennisschl\u00e4ger ist mitzubringen!<\/p>\n\n\n\n<p>Weitere Infos bei TTV Thum e.V. \/ Thomas Lesch \/ Tel. 037297\/764667 oder unter <a href=\"http:\/\/www.facebook.com\/TTVThum\" target=\"_blank\" rel=\"noreferrer noopener\">www.facebook.com\/TTVThum<\/a><\/p>\n\n\n\n<div class=\"wp-block-buttons has-custom-font-size has-small-font-size is-content-justification-center is-layout-flex wp-container-core-buttons-is-layout-1 wp-block-buttons-is-layout-flex\">\n<div class=\"wp-block-button has-custom-width wp-block-button__width-50 is-style-primary\"><a class=\"wp-block-button__link has-neve-link-color-background-color has-background wp-element-button\" href=\"https:\/\/jbo-thum.de\/thumer-orchestertreff\/tickets-fuer-den-thumer-dreiklang\/\" target=\"_blank\" rel=\"noreferrer noopener\">mehr zum Dreiklang-Programm<\/a><\/div>\n<\/div>\n\n\n\n<p><em>\u2013 \u00c4nderungen vorbehalten \u2013<\/em><\/p>\n","protected":false},"excerpt":{"rendered":"<p>Tischtennis: Die besten Hobby-Kellenschwinger in Thum bei der Stadtmeisterschaft gesucht! THUM \u2013 W\u00e4hrend die Aktiven im Mai bereits mit voller Power die Tischtennisb\u00e4lle \u00fcber die Platten schmetterten, sind jetzt die Hobbyenthusiasten an der Reihe, ihr K\u00f6nnen unter Beweis zu stellen. Am Samstag, dem 14. Juni geht es los: Im Rahmen des Thumer Musik- und Vereinsfestes&hellip;&nbsp;<a href=\"https:\/\/jbo-thum.de\/thumer-orchestertreff\/18-offene-thumer-stadtmeisterschaft-fuer-nichtaktive-im-tischtennis-samstag-14-juni-2025\/\" rel=\"bookmark\">Weiterlesen &raquo;<span class=\"screen-reader-text\">\u201e18. Offene Thumer Stadtmeisterschaft f\u00fcr Nichtaktive im Tischtennis&#8220; &#8211; Samstag, 14. Juni 2025<\/span><\/a><\/p>\n","protected":false},"author":1,"featured_media":0,"parent":0,"menu_order":0,"comment_status":"closed","ping_status":"closed","template":"","meta":{"rop_custom_images_group":[],"rop_custom_messages_group":[],"rop_publish_now":"initial","rop_publish_now_accounts":[],"rop_publish_now_history":[],"rop_publish_now_status":"pending","neve_meta_sidebar":"","neve_meta_container":"","neve_meta_enable_content_width":"","neve_meta_content_width":0,"neve_meta_title_alignment":"","neve_meta_author_avatar":"","neve_post_elements_order":"","neve_meta_disable_header":"","neve_meta_disable_footer":"","neve_meta_disable_title":"","footnotes":""},"yoast_head":"<!-- This site is optimized with the Yoast SEO plugin v24.5 - https:\/\/yoast.com\/wordpress\/plugins\/seo\/ -->\n<title>\u201e18. Offene Thumer Stadtmeisterschaft f\u00fcr Nichtaktive im Tischtennis&quot; - Samstag, 14. Juni 2025 | Dreiklang<\/title>\n<meta name=\"robots\" content=\"index, follow, max-snippet:-1, max-image-preview:large, max-video-preview:-1\" \/>\n<link rel=\"canonical\" href=\"https:\/\/jbo-thum.de\/thumer-orchestertreff\/18-offene-thumer-stadtmeisterschaft-fuer-nichtaktive-im-tischtennis-samstag-14-juni-2025\/\" \/>\n<meta property=\"og:locale\" content=\"de_DE\" \/>\n<meta property=\"og:type\" content=\"article\" \/>\n<meta property=\"og:title\" content=\"\u201e18. Offene Thumer Stadtmeisterschaft f\u00fcr Nichtaktive im Tischtennis&quot; - Samstag, 14. Juni 2025 | Dreiklang\" \/>\n<meta property=\"og:description\" content=\"Tischtennis: Die besten Hobby-Kellenschwinger in Thum bei der Stadtmeisterschaft gesucht! THUM \u2013 W\u00e4hrend die Aktiven im Mai bereits mit voller Power die Tischtennisb\u00e4lle \u00fcber die Platten schmetterten, sind jetzt die Hobbyenthusiasten an der Reihe, ihr K\u00f6nnen unter Beweis zu stellen. Am Samstag, dem 14. Juni geht es los: Im Rahmen des Thumer Musik- und Vereinsfestes&hellip;&nbsp;Weiterlesen &raquo;\u201e18. Offene Thumer Stadtmeisterschaft f\u00fcr Nichtaktive im Tischtennis&#8220; &#8211; Samstag, 14. Juni 2025\" \/>\n<meta property=\"og:url\" content=\"https:\/\/jbo-thum.de\/thumer-orchestertreff\/18-offene-thumer-stadtmeisterschaft-fuer-nichtaktive-im-tischtennis-samstag-14-juni-2025\/\" \/>\n<meta property=\"og:site_name\" content=\"Dreiklang\" \/>\n<meta property=\"article:publisher\" content=\"https:\/\/www.facebook.com\/ThumerOrchestertreff\/\" \/>\n<meta property=\"article:modified_time\" content=\"2025-05-07T10:20:36+00:00\" \/>\n<meta property=\"og:image\" content=\"https:\/\/jbo-thum.de\/thumer-orchestertreff\/wp-content\/uploads\/2025\/04\/Nichtaktivenstadtmeisterschaft-Thum-1-scaled.jpg\" \/>\n\t<meta property=\"og:image:width\" content=\"2560\" \/>\n\t<meta property=\"og:image:height\" content=\"1059\" \/>\n\t<meta property=\"og:image:type\" content=\"image\/jpeg\" \/>\n<meta name=\"twitter:card\" content=\"summary_large_image\" \/>\n<meta name=\"twitter:label1\" content=\"Gesch\u00e4tzte Lesezeit\" \/>\n\t<meta name=\"twitter:data1\" content=\"3\u00a0Minuten\" \/>\n<script type=\"application\/ld+json\" class=\"yoast-schema-graph\">{\"@context\":\"https:\/\/schema.org\",\"@graph\":[{\"@type\":\"WebPage\",\"@id\":\"https:\/\/jbo-thum.de\/thumer-orchestertreff\/18-offene-thumer-stadtmeisterschaft-fuer-nichtaktive-im-tischtennis-samstag-14-juni-2025\/\",\"url\":\"https:\/\/jbo-thum.de\/thumer-orchestertreff\/18-offene-thumer-stadtmeisterschaft-fuer-nichtaktive-im-tischtennis-samstag-14-juni-2025\/\",\"name\":\"\u201e18. Offene Thumer Stadtmeisterschaft f\u00fcr Nichtaktive im Tischtennis\\\" - Samstag, 14. Juni 2025 | Dreiklang\",\"isPartOf\":{\"@id\":\"https:\/\/jbo-thum.de\/thumer-orchestertreff\/#website\"},\"primaryImageOfPage\":{\"@id\":\"https:\/\/jbo-thum.de\/thumer-orchestertreff\/18-offene-thumer-stadtmeisterschaft-fuer-nichtaktive-im-tischtennis-samstag-14-juni-2025\/#primaryimage\"},\"image\":{\"@id\":\"https:\/\/jbo-thum.de\/thumer-orchestertreff\/18-offene-thumer-stadtmeisterschaft-fuer-nichtaktive-im-tischtennis-samstag-14-juni-2025\/#primaryimage\"},\"thumbnailUrl\":\"https:\/\/jbo-thum.de\/thumer-orchestertreff\/wp-content\/uploads\/2025\/04\/Nichtaktivenstadtmeisterschaft-Thum-1-1024x424.jpg\",\"datePublished\":\"2024-04-04T10:12:15+00:00\",\"dateModified\":\"2025-05-07T10:20:36+00:00\",\"breadcrumb\":{\"@id\":\"https:\/\/jbo-thum.de\/thumer-orchestertreff\/18-offene-thumer-stadtmeisterschaft-fuer-nichtaktive-im-tischtennis-samstag-14-juni-2025\/#breadcrumb\"},\"inLanguage\":\"de\",\"potentialAction\":[{\"@type\":\"ReadAction\",\"target\":[\"https:\/\/jbo-thum.de\/thumer-orchestertreff\/18-offene-thumer-stadtmeisterschaft-fuer-nichtaktive-im-tischtennis-samstag-14-juni-2025\/\"]}]},{\"@type\":\"ImageObject\",\"inLanguage\":\"de\",\"@id\":\"https:\/\/jbo-thum.de\/thumer-orchestertreff\/18-offene-thumer-stadtmeisterschaft-fuer-nichtaktive-im-tischtennis-samstag-14-juni-2025\/#primaryimage\",\"url\":\"https:\/\/jbo-thum.de\/thumer-orchestertreff\/wp-content\/uploads\/2025\/04\/Nichtaktivenstadtmeisterschaft-Thum-1-scaled.jpg\",\"contentUrl\":\"https:\/\/jbo-thum.de\/thumer-orchestertreff\/wp-content\/uploads\/2025\/04\/Nichtaktivenstadtmeisterschaft-Thum-1-scaled.jpg\",\"width\":2560,\"height\":1059},{\"@type\":\"BreadcrumbList\",\"@id\":\"https:\/\/jbo-thum.de\/thumer-orchestertreff\/18-offene-thumer-stadtmeisterschaft-fuer-nichtaktive-im-tischtennis-samstag-14-juni-2025\/#breadcrumb\",\"itemListElement\":[{\"@type\":\"ListItem\",\"position\":1,\"name\":\"Startseite\",\"item\":\"https:\/\/jbo-thum.de\/thumer-orchestertreff\/\"},{\"@type\":\"ListItem\",\"position\":2,\"name\":\"\u201e18. Offene Thumer Stadtmeisterschaft f\u00fcr Nichtaktive im Tischtennis&#8220; &#8211; Samstag, 14. Juni 2025\"}]},{\"@type\":\"WebSite\",\"@id\":\"https:\/\/jbo-thum.de\/thumer-orchestertreff\/#website\",\"url\":\"https:\/\/jbo-thum.de\/thumer-orchestertreff\/\",\"name\":\"Dreiklang\",\"description\":\"11. &amp; 12. Juni 2022\",\"publisher\":{\"@id\":\"https:\/\/jbo-thum.de\/thumer-orchestertreff\/#organization\"},\"potentialAction\":[{\"@type\":\"SearchAction\",\"target\":{\"@type\":\"EntryPoint\",\"urlTemplate\":\"https:\/\/jbo-thum.de\/thumer-orchestertreff\/?s={search_term_string}\"},\"query-input\":{\"@type\":\"PropertyValueSpecification\",\"valueRequired\":true,\"valueName\":\"search_term_string\"}}],\"inLanguage\":\"de\"},{\"@type\":\"Organization\",\"@id\":\"https:\/\/jbo-thum.de\/thumer-orchestertreff\/#organization\",\"name\":\"Thumer Orchestertreff\",\"url\":\"https:\/\/jbo-thum.de\/thumer-orchestertreff\/\",\"logo\":{\"@type\":\"ImageObject\",\"inLanguage\":\"de\",\"@id\":\"https:\/\/jbo-thum.de\/thumer-orchestertreff\/#\/schema\/logo\/image\/\",\"url\":\"https:\/\/jbo-thum.de\/thumer-orchestertreff\/wp-content\/uploads\/2022\/05\/Dreiklang-Thum.png\",\"contentUrl\":\"https:\/\/jbo-thum.de\/thumer-orchestertreff\/wp-content\/uploads\/2022\/05\/Dreiklang-Thum.png\",\"width\":394,\"height\":137,\"caption\":\"Thumer Orchestertreff\"},\"image\":{\"@id\":\"https:\/\/jbo-thum.de\/thumer-orchestertreff\/#\/schema\/logo\/image\/\"},\"sameAs\":[\"https:\/\/www.facebook.com\/ThumerOrchestertreff\/\",\"https:\/\/www.instagram.com\/ThumerOrchestertreff\/\"]}]}<\/script>\n<!-- \/ Yoast SEO plugin. -->","yoast_head_json":{"title":"\u201e18. Offene Thumer Stadtmeisterschaft f\u00fcr Nichtaktive im Tischtennis\" - Samstag, 14. Juni 2025 | Dreiklang","robots":{"index":"index","follow":"follow","max-snippet":"max-snippet:-1","max-image-preview":"max-image-preview:large","max-video-preview":"max-video-preview:-1"},"canonical":"https:\/\/jbo-thum.de\/thumer-orchestertreff\/18-offene-thumer-stadtmeisterschaft-fuer-nichtaktive-im-tischtennis-samstag-14-juni-2025\/","og_locale":"de_DE","og_type":"article","og_title":"\u201e18. Offene Thumer Stadtmeisterschaft f\u00fcr Nichtaktive im Tischtennis\" - Samstag, 14. Juni 2025 | Dreiklang","og_description":"Tischtennis: Die besten Hobby-Kellenschwinger in Thum bei der Stadtmeisterschaft gesucht! THUM \u2013 W\u00e4hrend die Aktiven im Mai bereits mit voller Power die Tischtennisb\u00e4lle \u00fcber die Platten schmetterten, sind jetzt die Hobbyenthusiasten an der Reihe, ihr K\u00f6nnen unter Beweis zu stellen. Am Samstag, dem 14. Juni geht es los: Im Rahmen des Thumer Musik- und Vereinsfestes&hellip;&nbsp;Weiterlesen &raquo;\u201e18. Offene Thumer Stadtmeisterschaft f\u00fcr Nichtaktive im Tischtennis&#8220; &#8211; Samstag, 14. Juni 2025","og_url":"https:\/\/jbo-thum.de\/thumer-orchestertreff\/18-offene-thumer-stadtmeisterschaft-fuer-nichtaktive-im-tischtennis-samstag-14-juni-2025\/","og_site_name":"Dreiklang","article_publisher":"https:\/\/www.facebook.com\/ThumerOrchestertreff\/","article_modified_time":"2025-05-07T10:20:36+00:00","og_image":[{"width":2560,"height":1059,"url":"https:\/\/jbo-thum.de\/thumer-orchestertreff\/wp-content\/uploads\/2025\/04\/Nichtaktivenstadtmeisterschaft-Thum-1-scaled.jpg","type":"image\/jpeg"}],"twitter_card":"summary_large_image","twitter_misc":{"Gesch\u00e4tzte Lesezeit":"3\u00a0Minuten"},"schema":{"@context":"https:\/\/schema.org","@graph":[{"@type":"WebPage","@id":"https:\/\/jbo-thum.de\/thumer-orchestertreff\/18-offene-thumer-stadtmeisterschaft-fuer-nichtaktive-im-tischtennis-samstag-14-juni-2025\/","url":"https:\/\/jbo-thum.de\/thumer-orchestertreff\/18-offene-thumer-stadtmeisterschaft-fuer-nichtaktive-im-tischtennis-samstag-14-juni-2025\/","name":"\u201e18. Offene Thumer Stadtmeisterschaft f\u00fcr Nichtaktive im Tischtennis\" - Samstag, 14. Juni 2025 | Dreiklang","isPartOf":{"@id":"https:\/\/jbo-thum.de\/thumer-orchestertreff\/#website"},"primaryImageOfPage":{"@id":"https:\/\/jbo-thum.de\/thumer-orchestertreff\/18-offene-thumer-stadtmeisterschaft-fuer-nichtaktive-im-tischtennis-samstag-14-juni-2025\/#primaryimage"},"image":{"@id":"https:\/\/jbo-thum.de\/thumer-orchestertreff\/18-offene-thumer-stadtmeisterschaft-fuer-nichtaktive-im-tischtennis-samstag-14-juni-2025\/#primaryimage"},"thumbnailUrl":"https:\/\/jbo-thum.de\/thumer-orchestertreff\/wp-content\/uploads\/2025\/04\/Nichtaktivenstadtmeisterschaft-Thum-1-1024x424.jpg","datePublished":"2024-04-04T10:12:15+00:00","dateModified":"2025-05-07T10:20:36+00:00","breadcrumb":{"@id":"https:\/\/jbo-thum.de\/thumer-orchestertreff\/18-offene-thumer-stadtmeisterschaft-fuer-nichtaktive-im-tischtennis-samstag-14-juni-2025\/#breadcrumb"},"inLanguage":"de","potentialAction":[{"@type":"ReadAction","target":["https:\/\/jbo-thum.de\/thumer-orchestertreff\/18-offene-thumer-stadtmeisterschaft-fuer-nichtaktive-im-tischtennis-samstag-14-juni-2025\/"]}]},{"@type":"ImageObject","inLanguage":"de","@id":"https:\/\/jbo-thum.de\/thumer-orchestertreff\/18-offene-thumer-stadtmeisterschaft-fuer-nichtaktive-im-tischtennis-samstag-14-juni-2025\/#primaryimage","url":"https:\/\/jbo-thum.de\/thumer-orchestertreff\/wp-content\/uploads\/2025\/04\/Nichtaktivenstadtmeisterschaft-Thum-1-scaled.jpg","contentUrl":"https:\/\/jbo-thum.de\/thumer-orchestertreff\/wp-content\/uploads\/2025\/04\/Nichtaktivenstadtmeisterschaft-Thum-1-scaled.jpg","width":2560,"height":1059},{"@type":"BreadcrumbList","@id":"https:\/\/jbo-thum.de\/thumer-orchestertreff\/18-offene-thumer-stadtmeisterschaft-fuer-nichtaktive-im-tischtennis-samstag-14-juni-2025\/#breadcrumb","itemListElement":[{"@type":"ListItem","position":1,"name":"Startseite","item":"https:\/\/jbo-thum.de\/thumer-orchestertreff\/"},{"@type":"ListItem","position":2,"name":"\u201e18. Offene Thumer Stadtmeisterschaft f\u00fcr Nichtaktive im Tischtennis&#8220; &#8211; Samstag, 14. Juni 2025"}]},{"@type":"WebSite","@id":"https:\/\/jbo-thum.de\/thumer-orchestertreff\/#website","url":"https:\/\/jbo-thum.de\/thumer-orchestertreff\/","name":"Dreiklang","description":"11. &amp; 12. Juni 2022","publisher":{"@id":"https:\/\/jbo-thum.de\/thumer-orchestertreff\/#organization"},"potentialAction":[{"@type":"SearchAction","target":{"@type":"EntryPoint","urlTemplate":"https:\/\/jbo-thum.de\/thumer-orchestertreff\/?s={search_term_string}"},"query-input":{"@type":"PropertyValueSpecification","valueRequired":true,"valueName":"search_term_string"}}],"inLanguage":"de"},{"@type":"Organization","@id":"https:\/\/jbo-thum.de\/thumer-orchestertreff\/#organization","name":"Thumer Orchestertreff","url":"https:\/\/jbo-thum.de\/thumer-orchestertreff\/","logo":{"@type":"ImageObject","inLanguage":"de","@id":"https:\/\/jbo-thum.de\/thumer-orchestertreff\/#\/schema\/logo\/image\/","url":"https:\/\/jbo-thum.de\/thumer-orchestertreff\/wp-content\/uploads\/2022\/05\/Dreiklang-Thum.png","contentUrl":"https:\/\/jbo-thum.de\/thumer-orchestertreff\/wp-content\/uploads\/2022\/05\/Dreiklang-Thum.png","width":394,"height":137,"caption":"Thumer Orchestertreff"},"image":{"@id":"https:\/\/jbo-thum.de\/thumer-orchestertreff\/#\/schema\/logo\/image\/"},"sameAs":["https:\/\/www.facebook.com\/ThumerOrchestertreff\/","https:\/\/www.instagram.com\/ThumerOrchestertreff\/"]}]}},"_links":{"self":[{"href":"https:\/\/jbo-thum.de\/thumer-orchestertreff\/wp-json\/wp\/v2\/pages\/1862"}],"collection":[{"href":"https:\/\/jbo-thum.de\/thumer-orchestertreff\/wp-json\/wp\/v2\/pages"}],"about":[{"href":"https:\/\/jbo-thum.de\/thumer-orchestertreff\/wp-json\/wp\/v2\/types\/page"}],"author":[{"embeddable":true,"href":"https:\/\/jbo-thum.de\/thumer-orchestertreff\/wp-json\/wp\/v2\/users\/1"}],"replies":[{"embeddable":true,"href":"https:\/\/jbo-thum.de\/thumer-orchestertreff\/wp-json\/wp\/v2\/comments?post=1862"}],"version-history":[{"count":12,"href":"https:\/\/jbo-thum.de\/thumer-orchestertreff\/wp-json\/wp\/v2\/pages\/1862\/revisions"}],"predecessor-version":[{"id":2075,"href":"https:\/\/jbo-thum.de\/thumer-orchestertreff\/wp-json\/wp\/v2\/pages\/1862\/revisions\/2075"}],"wp:attachment":[{"href":"https:\/\/jbo-thum.de\/thumer-orchestertreff\/wp-json\/wp\/v2\/media?parent=1862"}],"curies":[{"name":"wp","href":"https:\/\/api.w.org\/{rel}","templated":true}]}}